{"id":625,"date":"2026-02-09T08:07:12","date_gmt":"2026-02-09T08:07:12","guid":{"rendered":"https:\/\/rompidobrand.com\/?post_type=product&#038;p=625"},"modified":"2026-03-25T21:41:35","modified_gmt":"2026-03-25T21:41:35","slug":"camiseta-rompido-arctic-squad","status":"publish","type":"product","link":"https:\/\/rompidobrand.com\/en\/product\/camiseta-rompido-arctic-squad\/","title":{"rendered":"Camiseta Rompido &#8211; Arctic Squad"},"content":{"rendered":"<p>M\u00e1s que una camiseta, es una declaraci\u00f3n. La camiseta The Arctic Squad combina un dise\u00f1o gr\u00e1fico potente en la espalda con un fit c\u00f3modo pensado para el d\u00eda a d\u00eda.<\/p>\n<p>Inspirada en el esp\u00edritu de equip y la est\u00e9tica cold-core, esta ofensa es perfecta para elevar cualquier outfit urbano. Dise\u00f1ada para quienes se mueven con su propia crew.<\/p>","protected":false},"excerpt":{"rendered":"<p>Camiseta blanca streetwear con print trasero \u201cThe Arctic Squad\u201d. Fit c\u00f3modo, algod\u00f3n suave y est\u00e9tica urbana. Un essential para tu outfit diario.<\/p>","protected":false},"featured_media":604,"template":"","meta":{"content-type":"","_monsterinsights_skip_tracking":false,"_monsterinsights_sitenote_active":false,"_monsterinsights_sitenote_note":"","_monsterinsights_sitenote_category":0,"_uf_show_specific_survey":0,"_uf_disable_surveys":false},"product_brand":[],"product_cat":[37,45,28],"product_tag":[],"class_list":{"0":"post-625","1":"product","2":"type-product","3":"status-publish","4":"has-post-thumbnail","6":"product_cat-camisetas","7":"product_cat-novedades-camiseta","8":"product_cat-novedades","10":"first","11":"instock","12":"taxable","13":"shipping-taxable","14":"purchasable","15":"product-type-variable","16":"add-to-wishlist-after_add_to_cart"},"aioseo_notices":[],"jetpack_sharing_enabled":true,"_links":{"self":[{"href":"https:\/\/rompidobrand.com\/en\/wp-json\/wp\/v2\/product\/625","targetHints":{"allow":["GET"]}}],"collection":[{"href":"https:\/\/rompidobrand.com\/en\/wp-json\/wp\/v2\/product"}],"about":[{"href":"https:\/\/rompidobrand.com\/en\/wp-json\/wp\/v2\/types\/product"}],"wp:featuredmedia":[{"embeddable":true,"href":"https:\/\/rompidobrand.com\/en\/wp-json\/wp\/v2\/media\/604"}],"wp:attachment":[{"href":"https:\/\/rompidobrand.com\/en\/wp-json\/wp\/v2\/media?parent=625"}],"wp:term":[{"taxonomy":"product_brand","embeddable":true,"href":"https:\/\/rompidobrand.com\/en\/wp-json\/wp\/v2\/product_brand?post=625"},{"taxonomy":"product_cat","embeddable":true,"href":"https:\/\/rompidobrand.com\/en\/wp-json\/wp\/v2\/product_cat?post=625"},{"taxonomy":"product_tag","embeddable":true,"href":"https:\/\/rompidobrand.com\/en\/wp-json\/wp\/v2\/product_tag?post=625"}],"curies":[{"name":"wp","href":"https:\/\/api.w.org\/{rel}","templated":true}]}}