{"id":228,"date":"2026-01-03T19:52:43","date_gmt":"2026-01-03T19:52:43","guid":{"rendered":"https:\/\/rompidobrand.com\/?page_id=228"},"modified":"2026-01-10T21:19:49","modified_gmt":"2026-01-10T21:19:49","slug":"sobre-nosotros","status":"publish","type":"page","link":"https:\/\/rompidobrand.com\/en\/sobre-nosotros\/","title":{"rendered":"Sobre Nosotros"},"content":{"rendered":"<p>Rompido es un marca inspirada en la vida cotidiana, urbana y familiar.<\/p><p>Nace en Espa\u00f1a en 2026, en casa, en familia y con ganas de hacerlo diferente.<\/p><p>Somos un grupo de j\u00f3venes que decidi\u00f3 dar el paso y crear algo propio. Algo que nos represente. Algo que nos ponga en la piel lo que vivimos cada d\u00eda: la calle, el sol, el mar, la gente, las tardes largas y las noches que se alargan sin mirar el reloj.<\/p><p>Rompido es streetwear, pero tambi\u00e9n es una forma de vivir. Es urbano, c\u00f3modo y real.<\/p><p>Es ropa pensada para moverte, para estar fuera, para compartir momentos.<br>Para el d\u00eda a d\u00eda, sin postureo innecesario.<\/p><p>Venimos del Mediterr\u00e1neo.<br>De la luz, del calor, de las calles llenas de vida. De crecer rodeados de amigos, familia y cultura urbana.<br>Eso est\u00e1 en cada prenda, en cada detalle, en cada decisi\u00f3n.<\/p><p>No buscamos seguir tendencias.<br>Buscamos crear algo con identidad.<br>Algo que conecte con gente como nosotros: j\u00f3venes, inquietos, con ganas de emprender y de construir su propio camino.<\/p><p>Rompido no es solo ropa. Es una actitud, es romper con lo establecido y hacerlo a tu manera. Es empezar desde cero y apostar por lo que crees.<\/p><p>Esto acaba de empezar.<br>Y queremos que formes parte.<\/p>","protected":false},"excerpt":{"rendered":"<p>Rompido es un marca inspirada en la vida cotidiana, urbana y familiar. Nace en Espa\u00f1a en 2026, en casa, en familia y con ganas de hacerlo diferente. Somos un grupo de j\u00f3venes que decidi\u00f3 dar el paso y crear algo propio. Algo que nos represente. Algo que nos ponga en la piel lo que vivimos [&hellip;]<\/p>\n","protected":false},"author":3,"featured_media":0,"parent":0,"menu_order":0,"comment_status":"closed","ping_status":"closed","template":"page-with-title","meta":{"content-type":"","_monsterinsights_skip_tracking":false,"_monsterinsights_sitenote_active":false,"_monsterinsights_sitenote_note":"","_monsterinsights_sitenote_category":0,"_uf_show_specific_survey":0,"_uf_disable_surveys":false,"footnotes":""},"class_list":["post-228","page","type-page","status-publish","hentry"],"aioseo_notices":[],"jetpack_sharing_enabled":true,"_links":{"self":[{"href":"https:\/\/rompidobrand.com\/en\/wp-json\/wp\/v2\/pages\/228","targetHints":{"allow":["GET"]}}],"collection":[{"href":"https:\/\/rompidobrand.com\/en\/wp-json\/wp\/v2\/pages"}],"about":[{"href":"https:\/\/rompidobrand.com\/en\/wp-json\/wp\/v2\/types\/page"}],"author":[{"embeddable":true,"href":"https:\/\/rompidobrand.com\/en\/wp-json\/wp\/v2\/users\/3"}],"replies":[{"embeddable":true,"href":"https:\/\/rompidobrand.com\/en\/wp-json\/wp\/v2\/comments?post=228"}],"version-history":[{"count":2,"href":"https:\/\/rompidobrand.com\/en\/wp-json\/wp\/v2\/pages\/228\/revisions"}],"predecessor-version":[{"id":262,"href":"https:\/\/rompidobrand.com\/en\/wp-json\/wp\/v2\/pages\/228\/revisions\/262"}],"wp:attachment":[{"href":"https:\/\/rompidobrand.com\/en\/wp-json\/wp\/v2\/media?parent=228"}],"curies":[{"name":"wp","href":"https:\/\/api.w.org\/{rel}","templated":true}]}}